{"id":7,"date":"2023-10-29T08:08:30","date_gmt":"2023-10-29T08:08:30","guid":{"rendered":"https:\/\/hsv-bochum-eppendorf.de\/?page_id=7"},"modified":"2025-01-08T16:29:49","modified_gmt":"2025-01-08T16:29:49","slug":"ueber-uns","status":"publish","type":"page","link":"https:\/\/hsv-bochum-eppendorf.de\/?page_id=7","title":{"rendered":"Der HSV Bochum-Eppendorf"},"content":{"rendered":"\n<h2 class=\"wp-block-heading\">Wir stellen uns vor <\/h2>\n\n\n\n<figure class=\"wp-block-image size-large is-style-rounded\"><img loading=\"lazy\" decoding=\"async\" width=\"1024\" height=\"906\" src=\"https:\/\/hsv-bochum-eppendorf.de\/wp-content\/uploads\/2024\/04\/1000050651-1024x906.jpg\" alt=\"\" class=\"wp-image-114\" srcset=\"https:\/\/hsv-bochum-eppendorf.de\/wp-content\/uploads\/2024\/04\/1000050651-1024x906.jpg 1024w, https:\/\/hsv-bochum-eppendorf.de\/wp-content\/uploads\/2024\/04\/1000050651-300x265.jpg 300w, https:\/\/hsv-bochum-eppendorf.de\/wp-content\/uploads\/2024\/04\/1000050651-768x680.jpg 768w, https:\/\/hsv-bochum-eppendorf.de\/wp-content\/uploads\/2024\/04\/1000050651.jpg 1536w\" sizes=\"(max-width: 1024px) 100vw, 1024px\" \/><\/figure>\n\n\n\n<div class=\"wp-block-group is-layout-constrained wp-block-group-is-layout-constrained\"><div class=\"wp-block-group__inner-container\">\n<p>Wir sind nach wie vor ein Verein mit kurzer Geschichte &#8211; uns gibt es seit Anfang 2010 auf der Landkarte der Hundesportvereine. Engagierte, erfahrene und auch ehrgeizige Hundesportler und Trainer haben sich zusammengefunden und den Verein gegr\u00fcndet. Wir \u00fcben an zwei Trainingstagen auf einer Platzanlage an der Steinkuhlstra\u00dfe in Bochum. Schwerpunkte unseres Angebotes sind Kurse f\u00fcr Welpen, Junghunde und \u00e4ltere Hunde, die noch Erziehung brauchen k\u00f6nnen, sowie &#8211; f\u00fcr Fortgeschrittene &#8211; der Turnierhundsport, also das, was am besten als \u201eLeichtathletik mit Hund&#8220; beschrieben werden kann. Wir helfen gerne, wenn es darum geht, dem Hund das kleine Erziehungseinmaleins beizubringen und auch wer mehr m\u00f6chte, ist bei uns an der richtigen Adresse. \u201eEigentlich ist Ihr Hund ja viel zu klein und Zuchtpapiere hat er auch nicht&#8220; &#8211; eine solche Aussage werden interessierte Hundefreunde bei ihrem ersten Besuch bei uns nicht h\u00f6ren. Bei sp\u00e4teren Besuchen \u00fcbrigens auch nicht. Hundesport f\u00fcr m\u00f6glichst viele Vierbeiner und nahezu jeden Zweibeiner &#8211; an diesem Ziel orientieren sich unsere Angebote. Bei uns wird nicht nach Rasse, Gr\u00f6\u00dfe oder Zuchtbuch gefragt. Bei uns ist jeder willkommen, der seinen Vierbeiner artgerecht ausbilden m\u00f6chte und dabei auch bereit ist, an sich selbst zu arbeiten. Alter und Kenntnisse spielen dabei keine Rolle. Am einfachsten ist der Einstieg nat\u00fcrlich mit einem Welpen oder Junghund, aber auch sp\u00e4ter ist es nie zu sp\u00e4t, um seine Freizeit mit dem Hund sinnvoll zu gestalten. Wie, das l\u00e4sst sich am einfachsten bei einem Besuch auf unserer Platzanlage herausfinden. Versuch macht klug, einfach mal reinschauen. Unser Verein geh\u00f6rt \u00fcbrigens zum Deutschen Verband f\u00fcr Gebrauchshundsportvereine. Unter diesem Dach sind 35.000 Mitglieder in 750 Vereinen organisiert. Die Palette ist breit gef\u00e4chert, sie reicht von der Basisausbildung \u00fcber das kleine ABC der Hundeschule, der Begleithundpr\u00fcfung, bis zu Agility, Turnierhundsport, Obedience oder Flyball, den Disziplinen f\u00fcr Fortgeschrittene.<\/p>\n<\/div><\/div>\n","protected":false},"excerpt":{"rendered":"<p>Wir stellen uns vor Wir sind nach wie vor ein Verein mit kurzer Geschichte &#8211; uns gibt es seit Anfang 2010 auf der Landkarte der Hundesportvereine. Engagierte, erfahrene und auch ehrgeizige Hundesportler und Trainer haben sich zusammengefunden und den Verein gegr\u00fcndet. Wir \u00fcben an zwei Trainingstagen auf einer Platzanlage an der Steinkuhlstra\u00dfe in Bochum. Schwerpunkte&hellip; <a class=\"more-link\" href=\"https:\/\/hsv-bochum-eppendorf.de\/?page_id=7\"><span class=\"screen-reader-text\">Der HSV Bochum-Eppendorf<\/span> weiterlesen<\/a><\/p>\n","protected":false},"author":1,"featured_media":0,"parent":0,"menu_order":0,"comment_status":"closed","ping_status":"closed","template":"","meta":{"footnotes":""},"_links":{"self":[{"href":"https:\/\/hsv-bochum-eppendorf.de\/index.php?rest_route=\/wp\/v2\/pages\/7"}],"collection":[{"href":"https:\/\/hsv-bochum-eppendorf.de\/index.php?rest_route=\/wp\/v2\/pages"}],"about":[{"href":"https:\/\/hsv-bochum-eppendorf.de\/index.php?rest_route=\/wp\/v2\/types\/page"}],"author":[{"embeddable":true,"href":"https:\/\/hsv-bochum-eppendorf.de\/index.php?rest_route=\/wp\/v2\/users\/1"}],"replies":[{"embeddable":true,"href":"https:\/\/hsv-bochum-eppendorf.de\/index.php?rest_route=%2Fwp%2Fv2%2Fcomments&post=7"}],"version-history":[{"count":5,"href":"https:\/\/hsv-bochum-eppendorf.de\/index.php?rest_route=\/wp\/v2\/pages\/7\/revisions"}],"predecessor-version":[{"id":314,"href":"https:\/\/hsv-bochum-eppendorf.de\/index.php?rest_route=\/wp\/v2\/pages\/7\/revisions\/314"}],"wp:attachment":[{"href":"https:\/\/hsv-bochum-eppendorf.de\/index.php?rest_route=%2Fwp%2Fv2%2Fmedia&parent=7"}],"curies":[{"name":"wp","href":"https:\/\/api.w.org\/{rel}","templated":true}]}}